{"id":4446,"date":"2024-04-08T09:28:29","date_gmt":"2024-04-08T08:28:29","guid":{"rendered":"https:\/\/balsnack.ee\/?page_id=4446"},"modified":"2024-07-29T11:21:23","modified_gmt":"2024-07-29T10:21:23","slug":"sponsorlus","status":"publish","type":"page","link":"https:\/\/balsnack.ee\/en\/sponsorlus\/","title":{"rendered":"Sponsorlus"},"content":{"rendered":"\n<p class=\"has-text-align-left\"><br>Tere tulemast Balsnacki sponsorluse taotlemise lehele.<\/p>\n\n\n\n<p class=\"has-text-align-left\">Balsnack on p\u00fchendunud erinevate \u00fchiskondlike s\u00fcndmuste toetamisele, mis edendavad ettev\u00f5tlikkust ning tervise- ja spordialast aktiivsust. Balsnack ei paku finantsilist toetust, kuid oleme avatud pakkuma tooteid, mis v\u00f5ivad aidata kaasa teie s\u00fcndmuse \u00f5nnestumisele. L\u00e4htuvalt Balsnacki sponsorluse p\u00f5him\u00f5tetest, ei toeta me eraisikuid ega poliitilise v\u00f5i usulise taustaga s\u00fcndmuseid.<\/p>\n\n\n\n<p class=\"has-text-align-left\">Palun t\u00e4ida allpool olev vorm ning kirjelda l\u00fchidalt oma s\u00fcndmust v\u00f5i ettev\u00f5tmist ning selgita, kuidas Balsnacki sponsorlus aitaks kaasa teie eesm\u00e4rkide saavutamisele.<\/p>\n\n\n\n<p class=\"has-text-align-left\"><a href=\"https:\/\/docs.google.com\/forms\/d\/e\/1FAIpQLSfs2IHx3Gwev9RVGDhltaxOvkMEdRPVWZODAsKpdqO4Z_6jUg\/viewform\" rel=\"noreferrer noopener\" target=\"_blank\">Balsnacki sponsorluse vorm (google.com)<\/a><\/p>\n\n\n\n<p class=\"has-text-align-left\"><strong>Meie ootused sponsorlusele:<\/strong><\/p>\n\n\n\n<ul class=\"wp-block-list\"><li>v\u00e4ljatoomine sotsiaalmeedias s\u00fcndmuse kirjelduses;<\/li><li>fotode ja videote loomine s\u00fcndmuselt, kus on n\u00e4ha Balsnacki tooteid. Fotod\/videod v\u00f5iksid olla eriilmelised ja n\u00e4idata erinevaid tegevusi;<\/li><li>sponsorluse saaja poolt sotsiaalmeediasse postitatud sisu, mis sisaldab Balsnacki tooteid, v\u00f5ib Balsnack oma sotsiaalmeedias kasutada;<\/li><li>sotsiaalmeedias postitades <em>tag&#8217;i<\/em> @balsnack.<\/li><\/ul>\n\n\n\n<p class=\"has-text-align-left\">NB! Palun pane t\u00e4hele, et sponsorluse taotlus tuleb esitada v\u00e4hemalt 1 kuu enne s\u00fcndmuse toimumist!<\/p>\n\n\n\n<p class=\"has-text-align-left\">Muude sponsorlusega seotud k\u00fcsimuste korral v\u00f5ta \u00fchendust sponsorlus@balsnack.ee<br><\/p>\n","protected":false},"excerpt":{"rendered":"<p>Tere tulemast Balsnacki sponsorluse taotlemise lehele. Balsnack on p\u00fchendunud erinevate [&hellip;]<\/p>\n","protected":false},"author":4,"featured_media":0,"parent":0,"menu_order":0,"comment_status":"closed","ping_status":"closed","template":"","meta":{"_acf_changed":false,"footnotes":""},"class_list":["post-4446","page","type-page","status-publish","hentry"],"acf":[],"yoast_head":"<!-- This site is optimized with the Yoast SEO plugin v27.3 - https:\/\/yoast.com\/product\/yoast-seo-wordpress\/ -->\n<title>Sponsorlus - Balsnack<\/title>\n<meta name=\"robots\" content=\"index, follow, max-snippet:-1, max-image-preview:large, max-video-preview:-1\" \/>\n<link rel=\"canonical\" href=\"https:\/\/balsnack.ee\/sponsorlus\/\" \/>\n<meta property=\"og:locale\" content=\"en_US\" \/>\n<meta property=\"og:type\" content=\"article\" \/>\n<meta property=\"og:title\" content=\"Sponsorlus - Balsnack\" \/>\n<meta property=\"og:description\" content=\"Tere tulemast Balsnacki sponsorluse taotlemise lehele. Balsnack on p\u00fchendunud erinevate [&hellip;]\" \/>\n<meta property=\"og:url\" content=\"https:\/\/balsnack.ee\/sponsorlus\/\" \/>\n<meta property=\"og:site_name\" content=\"Balsnack\" \/>\n<meta property=\"article:modified_time\" content=\"2024-07-29T10:21:23+00:00\" \/>\n<meta name=\"twitter:card\" content=\"summary_large_image\" \/>\n<meta name=\"twitter:label1\" content=\"Est. reading time\" \/>\n\t<meta name=\"twitter:data1\" content=\"1 minute\" \/>\n<script type=\"application\/ld+json\" class=\"yoast-schema-graph\">{\"@context\":\"https:\\\/\\\/schema.org\",\"@graph\":[{\"@type\":\"WebPage\",\"@id\":\"https:\\\/\\\/balsnack.ee\\\/sponsorlus\\\/\",\"url\":\"https:\\\/\\\/balsnack.ee\\\/sponsorlus\\\/\",\"name\":\"Sponsorlus - Balsnack\",\"isPartOf\":{\"@id\":\"https:\\\/\\\/balsnack.ee\\\/#website\"},\"datePublished\":\"2024-04-08T08:28:29+00:00\",\"dateModified\":\"2024-07-29T10:21:23+00:00\",\"breadcrumb\":{\"@id\":\"https:\\\/\\\/balsnack.ee\\\/sponsorlus\\\/#breadcrumb\"},\"inLanguage\":\"en-US\",\"potentialAction\":[{\"@type\":\"ReadAction\",\"target\":[\"https:\\\/\\\/balsnack.ee\\\/sponsorlus\\\/\"]}]},{\"@type\":\"BreadcrumbList\",\"@id\":\"https:\\\/\\\/balsnack.ee\\\/sponsorlus\\\/#breadcrumb\",\"itemListElement\":[{\"@type\":\"ListItem\",\"position\":1,\"name\":\"Home\",\"item\":\"https:\\\/\\\/balsnack.ee\\\/en\\\/\"},{\"@type\":\"ListItem\",\"position\":2,\"name\":\"Sponsorlus\"}]},{\"@type\":\"WebSite\",\"@id\":\"https:\\\/\\\/balsnack.ee\\\/#website\",\"url\":\"https:\\\/\\\/balsnack.ee\\\/\",\"name\":\"Balsnack\",\"description\":\"Avaleht\",\"potentialAction\":[{\"@type\":\"SearchAction\",\"target\":{\"@type\":\"EntryPoint\",\"urlTemplate\":\"https:\\\/\\\/balsnack.ee\\\/?s={search_term_string}\"},\"query-input\":{\"@type\":\"PropertyValueSpecification\",\"valueRequired\":true,\"valueName\":\"search_term_string\"}}],\"inLanguage\":\"en-US\"}]}<\/script>\n<!-- \/ Yoast SEO plugin. -->","yoast_head_json":{"title":"Sponsorlus - Balsnack","robots":{"index":"index","follow":"follow","max-snippet":"max-snippet:-1","max-image-preview":"max-image-preview:large","max-video-preview":"max-video-preview:-1"},"canonical":"https:\/\/balsnack.ee\/sponsorlus\/","og_locale":"en_US","og_type":"article","og_title":"Sponsorlus - Balsnack","og_description":"Tere tulemast Balsnacki sponsorluse taotlemise lehele. Balsnack on p\u00fchendunud erinevate [&hellip;]","og_url":"https:\/\/balsnack.ee\/sponsorlus\/","og_site_name":"Balsnack","article_modified_time":"2024-07-29T10:21:23+00:00","twitter_card":"summary_large_image","twitter_misc":{"Est. reading time":"1 minute"},"schema":{"@context":"https:\/\/schema.org","@graph":[{"@type":"WebPage","@id":"https:\/\/balsnack.ee\/sponsorlus\/","url":"https:\/\/balsnack.ee\/sponsorlus\/","name":"Sponsorlus - Balsnack","isPartOf":{"@id":"https:\/\/balsnack.ee\/#website"},"datePublished":"2024-04-08T08:28:29+00:00","dateModified":"2024-07-29T10:21:23+00:00","breadcrumb":{"@id":"https:\/\/balsnack.ee\/sponsorlus\/#breadcrumb"},"inLanguage":"en-US","potentialAction":[{"@type":"ReadAction","target":["https:\/\/balsnack.ee\/sponsorlus\/"]}]},{"@type":"BreadcrumbList","@id":"https:\/\/balsnack.ee\/sponsorlus\/#breadcrumb","itemListElement":[{"@type":"ListItem","position":1,"name":"Home","item":"https:\/\/balsnack.ee\/en\/"},{"@type":"ListItem","position":2,"name":"Sponsorlus"}]},{"@type":"WebSite","@id":"https:\/\/balsnack.ee\/#website","url":"https:\/\/balsnack.ee\/","name":"Balsnack","description":"Avaleht","potentialAction":[{"@type":"SearchAction","target":{"@type":"EntryPoint","urlTemplate":"https:\/\/balsnack.ee\/?s={search_term_string}"},"query-input":{"@type":"PropertyValueSpecification","valueRequired":true,"valueName":"search_term_string"}}],"inLanguage":"en-US"}]}},"_links":{"self":[{"href":"https:\/\/balsnack.ee\/en\/wp-json\/wp\/v2\/pages\/4446","targetHints":{"allow":["GET"]}}],"collection":[{"href":"https:\/\/balsnack.ee\/en\/wp-json\/wp\/v2\/pages"}],"about":[{"href":"https:\/\/balsnack.ee\/en\/wp-json\/wp\/v2\/types\/page"}],"author":[{"embeddable":true,"href":"https:\/\/balsnack.ee\/en\/wp-json\/wp\/v2\/users\/4"}],"replies":[{"embeddable":true,"href":"https:\/\/balsnack.ee\/en\/wp-json\/wp\/v2\/comments?post=4446"}],"version-history":[{"count":5,"href":"https:\/\/balsnack.ee\/en\/wp-json\/wp\/v2\/pages\/4446\/revisions"}],"predecessor-version":[{"id":4527,"href":"https:\/\/balsnack.ee\/en\/wp-json\/wp\/v2\/pages\/4446\/revisions\/4527"}],"wp:attachment":[{"href":"https:\/\/balsnack.ee\/en\/wp-json\/wp\/v2\/media?parent=4446"}],"curies":[{"name":"wp","href":"https:\/\/api.w.org\/{rel}","templated":true}]}}