{"id":4719,"date":"2025-09-03T13:34:39","date_gmt":"2025-09-03T12:34:39","guid":{"rendered":"https:\/\/balsnack.ee\/?page_id=4719"},"modified":"2026-04-14T09:16:16","modified_gmt":"2026-04-14T08:16:16","slug":"kampaania","status":"publish","type":"page","link":"https:\/\/balsnack.ee\/en\/kampaania\/","title":{"rendered":"Kampaaniad ja m\u00e4ngud"},"content":{"rendered":"\n<p>V\u00f5ta osa ja v\u00f5id v\u00f5ita p\u00f5nevaid auhindu, n\u00e4iteks kr\u00f5mpsuvaid sn\u00e4kikaste, v\u00e4\u00e4rtuslikke kinkekaarte ja palju muud. Tasub silm peal hoida, sest kunagi ei v\u00f5i teada, millal \u00f5nn naeratab!<\/p>\n\n\n\n<h5 class=\"wp-block-heading has-large-font-size\">K\u00e4imasolevad kampaaniad:<\/h5>\n\n\n\n<p><\/p>\n\n\n\n<div class=\"wp-block-columns is-layout-flex wp-container-core-columns-is-layout-9d6595d7 wp-block-columns-is-layout-flex\">\n<div class=\"wp-block-column is-layout-flow wp-block-column-is-layout-flow\">\n<div class=\"wp-block-group is-vertical is-layout-flex wp-container-core-group-is-layout-8cf370e7 wp-block-group-is-layout-flex\">\n<figure class=\"wp-block-image size-large\"><a href=\"https:\/\/balsnack.ee\/kampaania\/tarbijamang-rrlektus-2026\/\" target=\"_blank\" rel=\" noreferrer noopener\"><img loading=\"lazy\" decoding=\"async\" width=\"1024\" height=\"1024\" src=\"https:\/\/balsnack.ee\/wp\/wp-content\/uploads\/2026\/04\/some-1080x1080-1-2-1024x1024.png\" alt=\"\" class=\"wp-image-5026\" srcset=\"https:\/\/balsnack.ee\/wp\/wp-content\/uploads\/2026\/04\/some-1080x1080-1-2-1024x1024.png 1024w, https:\/\/balsnack.ee\/wp\/wp-content\/uploads\/2026\/04\/some-1080x1080-1-2-550x550.png 550w, https:\/\/balsnack.ee\/wp\/wp-content\/uploads\/2026\/04\/some-1080x1080-1-2-300x300.png 300w, https:\/\/balsnack.ee\/wp\/wp-content\/uploads\/2026\/04\/some-1080x1080-1-2-768x768.png 768w, https:\/\/balsnack.ee\/wp\/wp-content\/uploads\/2026\/04\/some-1080x1080-1-2-30x30.png 30w, https:\/\/balsnack.ee\/wp\/wp-content\/uploads\/2026\/04\/some-1080x1080-1-2-360x360.png 360w, https:\/\/balsnack.ee\/wp\/wp-content\/uploads\/2026\/04\/some-1080x1080-1-2-100x100.png 100w, https:\/\/balsnack.ee\/wp\/wp-content\/uploads\/2026\/04\/some-1080x1080-1-2.png 1080w\" sizes=\"auto, (max-width: 1024px) 100vw, 1024px\" \/><\/a><\/figure>\n<\/div>\n\n\n\n<p class=\"has-text-align-center has-small-font-size\">Osale kliendim\u00e4ngus ja v\u00f5id v\u00f5ita kevadt\u00f6\u00f6deks kahurv\u00e4ge<\/p>\n\n\n\n<div class=\"wp-block-buttons is-content-justification-center is-layout-flex wp-container-core-buttons-is-layout-16018d1d wp-block-buttons-is-layout-flex\">\n<div class=\"wp-block-button is-style-outline is-style-outline--1\"><a class=\"wp-block-button__link has-small-font-size has-custom-font-size wp-element-button\" href=\"https:\/\/balsnack.ee\/kampaania\/tarbijamang-rrlektus-2026\/\" target=\"_blank\" rel=\"noreferrer noopener\">Vaata<\/a><\/div>\n<\/div>\n<\/div>\n\n\n\n<div class=\"wp-block-column is-layout-flow wp-block-column-is-layout-flow\">\n<figure class=\"wp-block-image size-large\"><a href=\"https:\/\/mang.balsnack.ee\/\" target=\"_blank\" rel=\" noreferrer noopener\"><img loading=\"lazy\" decoding=\"async\" width=\"1024\" height=\"1024\" src=\"https:\/\/balsnack.ee\/wp\/wp-content\/uploads\/2026\/04\/kv-mang-koduleht-1024x1024.png\" alt=\"\" class=\"wp-image-5045\" srcset=\"https:\/\/balsnack.ee\/wp\/wp-content\/uploads\/2026\/04\/kv-mang-koduleht-1024x1024.png 1024w, https:\/\/balsnack.ee\/wp\/wp-content\/uploads\/2026\/04\/kv-mang-koduleht-550x550.png 550w, https:\/\/balsnack.ee\/wp\/wp-content\/uploads\/2026\/04\/kv-mang-koduleht-300x300.png 300w, https:\/\/balsnack.ee\/wp\/wp-content\/uploads\/2026\/04\/kv-mang-koduleht-768x768.png 768w, https:\/\/balsnack.ee\/wp\/wp-content\/uploads\/2026\/04\/kv-mang-koduleht-30x30.png 30w, https:\/\/balsnack.ee\/wp\/wp-content\/uploads\/2026\/04\/kv-mang-koduleht-360x360.png 360w, https:\/\/balsnack.ee\/wp\/wp-content\/uploads\/2026\/04\/kv-mang-koduleht-100x100.png 100w, https:\/\/balsnack.ee\/wp\/wp-content\/uploads\/2026\/04\/kv-mang-koduleht.png 1080w\" sizes=\"auto, (max-width: 1024px) 100vw, 1024px\" \/><\/a><\/figure>\n\n\n\n<p class=\"has-text-align-center has-small-font-size\">P\u00fc\u00fca kr\u00f5psupakke ja v\u00f5id v\u00f5ita kastideviisi Kartulivahvleid<\/p>\n\n\n\n<div class=\"wp-block-buttons is-content-justification-center is-layout-flex wp-container-core-buttons-is-layout-16018d1d wp-block-buttons-is-layout-flex\">\n<div class=\"wp-block-button is-style-outline is-style-outline--2\"><a class=\"wp-block-button__link has-small-font-size has-custom-font-size wp-element-button\" href=\"https:\/\/mang.balsnack.ee\/\" target=\"_blank\" rel=\"noreferrer noopener\">M\u00e4ngi<\/a><\/div>\n<\/div>\n<\/div>\n<\/div>\n\n\n\n<p><\/p>\n\n\n\n<p><\/p>\n","protected":false},"excerpt":{"rendered":"<p>V\u00f5ta osa ja v\u00f5id v\u00f5ita p\u00f5nevaid auhindu, n\u00e4iteks kr\u00f5mpsuvaid sn\u00e4kikaste, [&hellip;]<\/p>\n","protected":false},"author":3,"featured_media":0,"parent":0,"menu_order":0,"comment_status":"closed","ping_status":"closed","template":"","meta":{"_acf_changed":false,"footnotes":""},"class_list":["post-4719","page","type-page","status-publish","hentry"],"acf":[],"yoast_head":"<!-- This site is optimized with the Yoast SEO plugin v27.3 - https:\/\/yoast.com\/product\/yoast-seo-wordpress\/ -->\n<title>Kampaaniad ja m\u00e4ngud - Balsnack<\/title>\n<meta name=\"description\" content=\"Avasta Balsnacki kampaaniad ja m\u00e4ngud. Osale ja v\u00f5ida \u00e4gedaid auhindu!\" \/>\n<meta name=\"robots\" content=\"index, follow, max-snippet:-1, max-image-preview:large, max-video-preview:-1\" \/>\n<link rel=\"canonical\" href=\"https:\/\/balsnack.ee\/kampaania\/\" \/>\n<meta property=\"og:locale\" content=\"en_US\" \/>\n<meta property=\"og:type\" content=\"article\" \/>\n<meta property=\"og:title\" content=\"Kampaaniad ja m\u00e4ngud - Balsnack\" \/>\n<meta property=\"og:description\" content=\"Avasta Balsnacki kampaaniad ja m\u00e4ngud. Osale ja v\u00f5ida \u00e4gedaid auhindu!\" \/>\n<meta property=\"og:url\" content=\"https:\/\/balsnack.ee\/kampaania\/\" \/>\n<meta property=\"og:site_name\" content=\"Balsnack\" \/>\n<meta property=\"article:modified_time\" content=\"2026-04-14T08:16:16+00:00\" \/>\n<meta property=\"og:image\" content=\"https:\/\/balsnack.ee\/wp\/wp-content\/uploads\/2026\/04\/some-1080x1080-1-2.png\" \/>\n\t<meta property=\"og:image:width\" content=\"1080\" \/>\n\t<meta property=\"og:image:height\" content=\"1080\" \/>\n\t<meta property=\"og:image:type\" content=\"image\/png\" \/>\n<meta name=\"twitter:card\" content=\"summary_large_image\" \/>\n<meta name=\"twitter:label1\" content=\"Est. reading time\" \/>\n\t<meta name=\"twitter:data1\" content=\"1 minute\" \/>\n<script type=\"application\/ld+json\" class=\"yoast-schema-graph\">{\"@context\":\"https:\\\/\\\/schema.org\",\"@graph\":[{\"@type\":\"WebPage\",\"@id\":\"https:\\\/\\\/balsnack.ee\\\/kampaania\\\/\",\"url\":\"https:\\\/\\\/balsnack.ee\\\/kampaania\\\/\",\"name\":\"Kampaaniad ja m\u00e4ngud - Balsnack\",\"isPartOf\":{\"@id\":\"https:\\\/\\\/balsnack.ee\\\/#website\"},\"primaryImageOfPage\":{\"@id\":\"https:\\\/\\\/balsnack.ee\\\/kampaania\\\/#primaryimage\"},\"image\":{\"@id\":\"https:\\\/\\\/balsnack.ee\\\/kampaania\\\/#primaryimage\"},\"thumbnailUrl\":\"https:\\\/\\\/balsnack.ee\\\/wp\\\/wp-content\\\/uploads\\\/2026\\\/04\\\/some-1080x1080-1-2-1024x1024.png\",\"datePublished\":\"2025-09-03T12:34:39+00:00\",\"dateModified\":\"2026-04-14T08:16:16+00:00\",\"description\":\"Avasta Balsnacki kampaaniad ja m\u00e4ngud. Osale ja v\u00f5ida \u00e4gedaid auhindu!\",\"breadcrumb\":{\"@id\":\"https:\\\/\\\/balsnack.ee\\\/kampaania\\\/#breadcrumb\"},\"inLanguage\":\"en-US\",\"potentialAction\":[{\"@type\":\"ReadAction\",\"target\":[\"https:\\\/\\\/balsnack.ee\\\/kampaania\\\/\"]}]},{\"@type\":\"ImageObject\",\"inLanguage\":\"en-US\",\"@id\":\"https:\\\/\\\/balsnack.ee\\\/kampaania\\\/#primaryimage\",\"url\":\"https:\\\/\\\/balsnack.ee\\\/wp\\\/wp-content\\\/uploads\\\/2026\\\/04\\\/some-1080x1080-1-2-1024x1024.png\",\"contentUrl\":\"https:\\\/\\\/balsnack.ee\\\/wp\\\/wp-content\\\/uploads\\\/2026\\\/04\\\/some-1080x1080-1-2-1024x1024.png\"},{\"@type\":\"BreadcrumbList\",\"@id\":\"https:\\\/\\\/balsnack.ee\\\/kampaania\\\/#breadcrumb\",\"itemListElement\":[{\"@type\":\"ListItem\",\"position\":1,\"name\":\"Home\",\"item\":\"https:\\\/\\\/balsnack.ee\\\/en\\\/\"},{\"@type\":\"ListItem\",\"position\":2,\"name\":\"Kampaaniad ja m\u00e4ngud\"}]},{\"@type\":\"WebSite\",\"@id\":\"https:\\\/\\\/balsnack.ee\\\/#website\",\"url\":\"https:\\\/\\\/balsnack.ee\\\/\",\"name\":\"Balsnack\",\"description\":\"Avaleht\",\"potentialAction\":[{\"@type\":\"SearchAction\",\"target\":{\"@type\":\"EntryPoint\",\"urlTemplate\":\"https:\\\/\\\/balsnack.ee\\\/?s={search_term_string}\"},\"query-input\":{\"@type\":\"PropertyValueSpecification\",\"valueRequired\":true,\"valueName\":\"search_term_string\"}}],\"inLanguage\":\"en-US\"}]}<\/script>\n<!-- \/ Yoast SEO plugin. -->","yoast_head_json":{"title":"Kampaaniad ja m\u00e4ngud - Balsnack","description":"Avasta Balsnacki kampaaniad ja m\u00e4ngud. Osale ja v\u00f5ida \u00e4gedaid auhindu!","robots":{"index":"index","follow":"follow","max-snippet":"max-snippet:-1","max-image-preview":"max-image-preview:large","max-video-preview":"max-video-preview:-1"},"canonical":"https:\/\/balsnack.ee\/kampaania\/","og_locale":"en_US","og_type":"article","og_title":"Kampaaniad ja m\u00e4ngud - Balsnack","og_description":"Avasta Balsnacki kampaaniad ja m\u00e4ngud. Osale ja v\u00f5ida \u00e4gedaid auhindu!","og_url":"https:\/\/balsnack.ee\/kampaania\/","og_site_name":"Balsnack","article_modified_time":"2026-04-14T08:16:16+00:00","og_image":[{"width":1080,"height":1080,"url":"https:\/\/balsnack.ee\/wp\/wp-content\/uploads\/2026\/04\/some-1080x1080-1-2.png","type":"image\/png"}],"twitter_card":"summary_large_image","twitter_misc":{"Est. reading time":"1 minute"},"schema":{"@context":"https:\/\/schema.org","@graph":[{"@type":"WebPage","@id":"https:\/\/balsnack.ee\/kampaania\/","url":"https:\/\/balsnack.ee\/kampaania\/","name":"Kampaaniad ja m\u00e4ngud - Balsnack","isPartOf":{"@id":"https:\/\/balsnack.ee\/#website"},"primaryImageOfPage":{"@id":"https:\/\/balsnack.ee\/kampaania\/#primaryimage"},"image":{"@id":"https:\/\/balsnack.ee\/kampaania\/#primaryimage"},"thumbnailUrl":"https:\/\/balsnack.ee\/wp\/wp-content\/uploads\/2026\/04\/some-1080x1080-1-2-1024x1024.png","datePublished":"2025-09-03T12:34:39+00:00","dateModified":"2026-04-14T08:16:16+00:00","description":"Avasta Balsnacki kampaaniad ja m\u00e4ngud. Osale ja v\u00f5ida \u00e4gedaid auhindu!","breadcrumb":{"@id":"https:\/\/balsnack.ee\/kampaania\/#breadcrumb"},"inLanguage":"en-US","potentialAction":[{"@type":"ReadAction","target":["https:\/\/balsnack.ee\/kampaania\/"]}]},{"@type":"ImageObject","inLanguage":"en-US","@id":"https:\/\/balsnack.ee\/kampaania\/#primaryimage","url":"https:\/\/balsnack.ee\/wp\/wp-content\/uploads\/2026\/04\/some-1080x1080-1-2-1024x1024.png","contentUrl":"https:\/\/balsnack.ee\/wp\/wp-content\/uploads\/2026\/04\/some-1080x1080-1-2-1024x1024.png"},{"@type":"BreadcrumbList","@id":"https:\/\/balsnack.ee\/kampaania\/#breadcrumb","itemListElement":[{"@type":"ListItem","position":1,"name":"Home","item":"https:\/\/balsnack.ee\/en\/"},{"@type":"ListItem","position":2,"name":"Kampaaniad ja m\u00e4ngud"}]},{"@type":"WebSite","@id":"https:\/\/balsnack.ee\/#website","url":"https:\/\/balsnack.ee\/","name":"Balsnack","description":"Avaleht","potentialAction":[{"@type":"SearchAction","target":{"@type":"EntryPoint","urlTemplate":"https:\/\/balsnack.ee\/?s={search_term_string}"},"query-input":{"@type":"PropertyValueSpecification","valueRequired":true,"valueName":"search_term_string"}}],"inLanguage":"en-US"}]}},"_links":{"self":[{"href":"https:\/\/balsnack.ee\/en\/wp-json\/wp\/v2\/pages\/4719","targetHints":{"allow":["GET"]}}],"collection":[{"href":"https:\/\/balsnack.ee\/en\/wp-json\/wp\/v2\/pages"}],"about":[{"href":"https:\/\/balsnack.ee\/en\/wp-json\/wp\/v2\/types\/page"}],"author":[{"embeddable":true,"href":"https:\/\/balsnack.ee\/en\/wp-json\/wp\/v2\/users\/3"}],"replies":[{"embeddable":true,"href":"https:\/\/balsnack.ee\/en\/wp-json\/wp\/v2\/comments?post=4719"}],"version-history":[{"count":5,"href":"https:\/\/balsnack.ee\/en\/wp-json\/wp\/v2\/pages\/4719\/revisions"}],"predecessor-version":[{"id":5056,"href":"https:\/\/balsnack.ee\/en\/wp-json\/wp\/v2\/pages\/4719\/revisions\/5056"}],"wp:attachment":[{"href":"https:\/\/balsnack.ee\/en\/wp-json\/wp\/v2\/media?parent=4719"}],"curies":[{"name":"wp","href":"https:\/\/api.w.org\/{rel}","templated":true}]}}